{"id":21,"date":"2020-04-28T14:42:00","date_gmt":"2020-04-28T12:42:00","guid":{"rendered":"http:\/\/51.75.196.19\/plesk-site-preview\/moulindesaintverand.fr\/51.75.196.19\/?page_id=21"},"modified":"2020-04-28T14:42:00","modified_gmt":"2020-04-28T12:42:00","slug":"nos-offres","status":"publish","type":"page","link":"https:\/\/moulindesaintverand.fr\/en\/nos-offres\/","title":{"rendered":"Our offers"},"content":{"rendered":"","protected":false},"excerpt":{"rendered":"<p> [&#8230;]<\/p>\n<p><a class=\"btn btn-secondary understrap-read-more-link\" href=\"https:\/\/moulindesaintverand.fr\/en\/nos-offres\/\">Read More&#8230;<span class=\"screen-reader-text\"> from Nos offres<\/span><\/a><\/p>\n","protected":false},"author":1,"featured_media":0,"parent":0,"menu_order":26,"comment_status":"closed","ping_status":"closed","template":"","meta":{"_acf_changed":false,"footnotes":""},"tags":[],"class_list":["post-21","page","type-page","status-publish","hentry"],"acf":[],"yoast_head":"<!-- This site is optimized with the Yoast SEO plugin v27.3 - https:\/\/yoast.com\/product\/yoast-seo-wordpress\/ -->\n<title>Nos offres - Moulin de Saint V\u00e9rand<\/title>\n<meta name=\"description\" content=\"H\u00f4tel*** \u00e0 mi-chemin entre Paris et Marseille, \u00e0 proximit\u00e9 de M\u00e2con, Lyon et de l&#039;A6, soir\u00e9es \u00e9tapes business pour les commerciaux au coeur du Beaujolais.\" \/>\n<meta name=\"robots\" content=\"index, follow, max-snippet:-1, max-image-preview:large, max-video-preview:-1\" \/>\n<link rel=\"canonical\" href=\"https:\/\/moulindesaintverand.fr\/en\/nos-offres\/\" \/>\n<meta property=\"og:locale\" content=\"en_GB\" \/>\n<meta property=\"og:type\" content=\"article\" \/>\n<meta property=\"og:title\" content=\"Nos offres - Moulin de Saint V\u00e9rand\" \/>\n<meta property=\"og:description\" content=\"H\u00f4tel*** \u00e0 mi-chemin entre Paris et Marseille, \u00e0 proximit\u00e9 de M\u00e2con, Lyon et de l&#039;A6, soir\u00e9es \u00e9tapes business pour les commerciaux au coeur du Beaujolais.\" \/>\n<meta property=\"og:url\" content=\"https:\/\/moulindesaintverand.fr\/en\/nos-offres\/\" \/>\n<meta property=\"og:site_name\" content=\"Moulin de Saint V\u00e9rand\" \/>\n<meta name=\"twitter:card\" content=\"summary_large_image\" \/>\n<script type=\"application\/ld+json\" class=\"yoast-schema-graph\">{\"@context\":\"https:\\\/\\\/schema.org\",\"@graph\":[{\"@type\":\"WebPage\",\"@id\":\"https:\\\/\\\/moulindesaintverand.fr\\\/nos-offres\\\/\",\"url\":\"https:\\\/\\\/moulindesaintverand.fr\\\/nos-offres\\\/\",\"name\":\"Nos offres - Moulin de Saint V\u00e9rand\",\"isPartOf\":{\"@id\":\"https:\\\/\\\/moulindesaintverand.fr\\\/#website\"},\"datePublished\":\"2020-04-28T12:42:00+00:00\",\"description\":\"H\u00f4tel*** \u00e0 mi-chemin entre Paris et Marseille, \u00e0 proximit\u00e9 de M\u00e2con, Lyon et de l'A6, soir\u00e9es \u00e9tapes business pour les commerciaux au coeur du Beaujolais.\",\"breadcrumb\":{\"@id\":\"https:\\\/\\\/moulindesaintverand.fr\\\/nos-offres\\\/#breadcrumb\"},\"inLanguage\":\"en-GB\",\"potentialAction\":[{\"@type\":\"ReadAction\",\"target\":[\"https:\\\/\\\/moulindesaintverand.fr\\\/nos-offres\\\/\"]}]},{\"@type\":\"BreadcrumbList\",\"@id\":\"https:\\\/\\\/moulindesaintverand.fr\\\/nos-offres\\\/#breadcrumb\",\"itemListElement\":[{\"@type\":\"ListItem\",\"position\":1,\"name\":\"Accueil\",\"item\":\"https:\\\/\\\/moulindesaintverand.fr\\\/\"},{\"@type\":\"ListItem\",\"position\":2,\"name\":\"Nos offres\"}]},{\"@type\":\"WebSite\",\"@id\":\"https:\\\/\\\/moulindesaintverand.fr\\\/#website\",\"url\":\"https:\\\/\\\/moulindesaintverand.fr\\\/\",\"name\":\"Moulin de Saint V\u00e9rand\",\"description\":\"H\u00f4tel*** Restaurant - Saint-V\u00e9rand\",\"publisher\":{\"@id\":\"https:\\\/\\\/moulindesaintverand.fr\\\/#organization\"},\"potentialAction\":[{\"@type\":\"SearchAction\",\"target\":{\"@type\":\"EntryPoint\",\"urlTemplate\":\"https:\\\/\\\/moulindesaintverand.fr\\\/?s={search_term_string}\"},\"query-input\":{\"@type\":\"PropertyValueSpecification\",\"valueRequired\":true,\"valueName\":\"search_term_string\"}}],\"inLanguage\":\"en-GB\"},{\"@type\":\"Organization\",\"@id\":\"https:\\\/\\\/moulindesaintverand.fr\\\/#organization\",\"name\":\"H\u00f4tel*** Restaurant Moulin de Saint-V\u00e9rand - Soir\u00e9e \u00e9tape commerciaux\",\"url\":\"https:\\\/\\\/moulindesaintverand.fr\\\/\",\"logo\":{\"@type\":\"ImageObject\",\"inLanguage\":\"en-GB\",\"@id\":\"https:\\\/\\\/moulindesaintverand.fr\\\/#\\\/schema\\\/logo\\\/image\\\/\",\"url\":\"https:\\\/\\\/moulindesaintverand.fr\\\/wp-content\\\/uploads\\\/2020\\\/05\\\/cropped-logo-MSV@2x.png\",\"contentUrl\":\"https:\\\/\\\/moulindesaintverand.fr\\\/wp-content\\\/uploads\\\/2020\\\/05\\\/cropped-logo-MSV@2x.png\",\"width\":714,\"height\":632,\"caption\":\"H\u00f4tel*** Restaurant Moulin de Saint-V\u00e9rand - Soir\u00e9e \u00e9tape commerciaux\"},\"image\":{\"@id\":\"https:\\\/\\\/moulindesaintverand.fr\\\/#\\\/schema\\\/logo\\\/image\\\/\"}}]}<\/script>\n<!-- \/ Yoast SEO plugin. -->","yoast_head_json":{"title":"Nos offres - Moulin de Saint V\u00e9rand","description":"H\u00f4tel*** \u00e0 mi-chemin entre Paris et Marseille, \u00e0 proximit\u00e9 de M\u00e2con, Lyon et de l'A6, soir\u00e9es \u00e9tapes business pour les commerciaux au coeur du Beaujolais.","robots":{"index":"index","follow":"follow","max-snippet":"max-snippet:-1","max-image-preview":"max-image-preview:large","max-video-preview":"max-video-preview:-1"},"canonical":"https:\/\/moulindesaintverand.fr\/en\/nos-offres\/","og_locale":"en_GB","og_type":"article","og_title":"Nos offres - Moulin de Saint V\u00e9rand","og_description":"H\u00f4tel*** \u00e0 mi-chemin entre Paris et Marseille, \u00e0 proximit\u00e9 de M\u00e2con, Lyon et de l'A6, soir\u00e9es \u00e9tapes business pour les commerciaux au coeur du Beaujolais.","og_url":"https:\/\/moulindesaintverand.fr\/en\/nos-offres\/","og_site_name":"Moulin de Saint V\u00e9rand","twitter_card":"summary_large_image","schema":{"@context":"https:\/\/schema.org","@graph":[{"@type":"WebPage","@id":"https:\/\/moulindesaintverand.fr\/nos-offres\/","url":"https:\/\/moulindesaintverand.fr\/nos-offres\/","name":"Nos offres - Moulin de Saint V\u00e9rand","isPartOf":{"@id":"https:\/\/moulindesaintverand.fr\/#website"},"datePublished":"2020-04-28T12:42:00+00:00","description":"H\u00f4tel*** \u00e0 mi-chemin entre Paris et Marseille, \u00e0 proximit\u00e9 de M\u00e2con, Lyon et de l'A6, soir\u00e9es \u00e9tapes business pour les commerciaux au coeur du Beaujolais.","breadcrumb":{"@id":"https:\/\/moulindesaintverand.fr\/nos-offres\/#breadcrumb"},"inLanguage":"en-GB","potentialAction":[{"@type":"ReadAction","target":["https:\/\/moulindesaintverand.fr\/nos-offres\/"]}]},{"@type":"BreadcrumbList","@id":"https:\/\/moulindesaintverand.fr\/nos-offres\/#breadcrumb","itemListElement":[{"@type":"ListItem","position":1,"name":"Accueil","item":"https:\/\/moulindesaintverand.fr\/"},{"@type":"ListItem","position":2,"name":"Nos offres"}]},{"@type":"WebSite","@id":"https:\/\/moulindesaintverand.fr\/#website","url":"https:\/\/moulindesaintverand.fr\/","name":"Moulin de Saint V\u00e9rand","description":"H\u00f4tel*** Restaurant - Saint-V\u00e9rand","publisher":{"@id":"https:\/\/moulindesaintverand.fr\/#organization"},"potentialAction":[{"@type":"SearchAction","target":{"@type":"EntryPoint","urlTemplate":"https:\/\/moulindesaintverand.fr\/?s={search_term_string}"},"query-input":{"@type":"PropertyValueSpecification","valueRequired":true,"valueName":"search_term_string"}}],"inLanguage":"en-GB"},{"@type":"Organization","@id":"https:\/\/moulindesaintverand.fr\/#organization","name":"H\u00f4tel*** Restaurant Moulin de Saint-V\u00e9rand - Soir\u00e9e \u00e9tape commerciaux","url":"https:\/\/moulindesaintverand.fr\/","logo":{"@type":"ImageObject","inLanguage":"en-GB","@id":"https:\/\/moulindesaintverand.fr\/#\/schema\/logo\/image\/","url":"https:\/\/moulindesaintverand.fr\/wp-content\/uploads\/2020\/05\/cropped-logo-MSV@2x.png","contentUrl":"https:\/\/moulindesaintverand.fr\/wp-content\/uploads\/2020\/05\/cropped-logo-MSV@2x.png","width":714,"height":632,"caption":"H\u00f4tel*** Restaurant Moulin de Saint-V\u00e9rand - Soir\u00e9e \u00e9tape commerciaux"},"image":{"@id":"https:\/\/moulindesaintverand.fr\/#\/schema\/logo\/image\/"}}]}},"_links":{"self":[{"href":"https:\/\/moulindesaintverand.fr\/en\/wp-json\/wp\/v2\/pages\/21","targetHints":{"allow":["GET"]}}],"collection":[{"href":"https:\/\/moulindesaintverand.fr\/en\/wp-json\/wp\/v2\/pages"}],"about":[{"href":"https:\/\/moulindesaintverand.fr\/en\/wp-json\/wp\/v2\/types\/page"}],"author":[{"embeddable":true,"href":"https:\/\/moulindesaintverand.fr\/en\/wp-json\/wp\/v2\/users\/1"}],"replies":[{"embeddable":true,"href":"https:\/\/moulindesaintverand.fr\/en\/wp-json\/wp\/v2\/comments?post=21"}],"version-history":[{"count":2,"href":"https:\/\/moulindesaintverand.fr\/en\/wp-json\/wp\/v2\/pages\/21\/revisions"}],"predecessor-version":[{"id":2236,"href":"https:\/\/moulindesaintverand.fr\/en\/wp-json\/wp\/v2\/pages\/21\/revisions\/2236"}],"wp:attachment":[{"href":"https:\/\/moulindesaintverand.fr\/en\/wp-json\/wp\/v2\/media?parent=21"}],"wp:term":[{"taxonomy":"post_tag","embeddable":true,"href":"https:\/\/moulindesaintverand.fr\/en\/wp-json\/wp\/v2\/tags?post=21"}],"curies":[{"name":"wp","href":"https:\/\/api.w.org\/{rel}","templated":true}]}}