{"id":2651,"date":"2026-05-13T16:18:39","date_gmt":"2026-05-13T14:18:39","guid":{"rendered":"https:\/\/moulindesaintverand.fr\/?page_id=2651"},"modified":"2026-05-13T16:53:34","modified_gmt":"2026-05-13T14:53:34","slug":"evenement-dentreprise","status":"publish","type":"page","link":"https:\/\/moulindesaintverand.fr\/nl\/evenement-dentreprise\/","title":{"rendered":"\u00c9v\u00e9nement d&rsquo;entreprise"},"content":{"rendered":"<p>Certaines id\u00e9es \u00e9mergent parfois loin des bureaux et des salles de r\u00e9union standardis\u00e9es. Pour vos s\u00e9minaires, r\u00e9unions de direction, formations ou journ\u00e9es d&rsquo;\u00e9quipe, le Moulin de Saint-V\u00e9rand met \u00e0 votre disposition un espace d\u00e9di\u00e9 et enti\u00e8rement \u00e9quip\u00e9, install\u00e9 dans l&rsquo;ancienne grange \u00e0 grains du Moulin d&rsquo;origine. Un lieu charg\u00e9 d&rsquo;histoire, au c\u0153ur des vignes, qui donne \u00e0 vos \u00e9v\u00e9nements d&rsquo;entreprise un cadre inspirant. <\/p>\n\n\n\n<p>La salle accueille jusqu&rsquo;\u00e0 20 personnes et s&rsquo;adapte \u00e0 la configuration qui correspond \u00e0 votre \u00e9v\u00e9nement : en carr\u00e9 pour favoriser les \u00e9changes, en U pour les formations, en format th\u00e9\u00e2tre pour les pr\u00e9sentations. Wifi haut d\u00e9bit, t\u00e9l\u00e9vision grand format, connexion HDMI et paperboard, tout est pr\u00e9vu pour r\u00e9pondre \u00e0 vos besoins.<\/p>\n\n\n\n<p>Par ailleurs, Natalie et Christophe composent pour vous des prestations de restauration sur mesure : accueil caf\u00e9, th\u00e9 et viennoiseries le matin, cuisine \u00e9l\u00e9gante et raffin\u00e9e pour le d\u00e9jeuner et\/ou le d\u00eener, selon le rythme de votre programme.<\/p>\n\n\n\n<p><\/p>\n\n\n\n<figure class=\"wp-block-gallery has-nested-images columns-default is-cropped wp-block-gallery-1 is-layout-flex wp-block-gallery-is-layout-flex\">\n<figure class=\"wp-block-image size-large\"><img loading=\"lazy\" decoding=\"async\" width=\"1024\" height=\"683\" data-id=\"1366\" src=\"https:\/\/moulindesaintverand.fr\/wp-content\/uploads\/2022\/03\/MSV-jeu-page-R-1-1024x683.jpg\" alt=\"\" class=\"wp-image-1366\" srcset=\"https:\/\/moulindesaintverand.fr\/wp-content\/uploads\/2022\/03\/MSV-jeu-page-R-1-1024x683.jpg 1024w, https:\/\/moulindesaintverand.fr\/wp-content\/uploads\/2022\/03\/MSV-jeu-page-R-1-300x200.jpg 300w, https:\/\/moulindesaintverand.fr\/wp-content\/uploads\/2022\/03\/MSV-jeu-page-R-1-768x512.jpg 768w, https:\/\/moulindesaintverand.fr\/wp-content\/uploads\/2022\/03\/MSV-jeu-page-R-1-18x12.jpg 18w, https:\/\/moulindesaintverand.fr\/wp-content\/uploads\/2022\/03\/MSV-jeu-page-R-1.jpg 1440w\" sizes=\"auto, (max-width: 1024px) 100vw, 1024px\" \/><\/figure>\n\n\n\n<figure class=\"wp-block-image size-large\"><img loading=\"lazy\" decoding=\"async\" width=\"1024\" height=\"1008\" data-id=\"1435\" src=\"https:\/\/moulindesaintverand.fr\/wp-content\/uploads\/2022\/03\/Moulin-de-Saint-verand_20220219_121419-2-scaled-e1646734465908-1024x1008.jpeg\" alt=\"\" class=\"wp-image-1435\" srcset=\"https:\/\/moulindesaintverand.fr\/wp-content\/uploads\/2022\/03\/Moulin-de-Saint-verand_20220219_121419-2-scaled-e1646734465908-1024x1008.jpeg 1024w, https:\/\/moulindesaintverand.fr\/wp-content\/uploads\/2022\/03\/Moulin-de-Saint-verand_20220219_121419-2-scaled-e1646734465908-300x295.jpeg 300w, https:\/\/moulindesaintverand.fr\/wp-content\/uploads\/2022\/03\/Moulin-de-Saint-verand_20220219_121419-2-scaled-e1646734465908-768x756.jpeg 768w, https:\/\/moulindesaintverand.fr\/wp-content\/uploads\/2022\/03\/Moulin-de-Saint-verand_20220219_121419-2-scaled-e1646734465908-12x12.jpeg 12w, https:\/\/moulindesaintverand.fr\/wp-content\/uploads\/2022\/03\/Moulin-de-Saint-verand_20220219_121419-2-scaled-e1646734465908.jpeg 1228w\" sizes=\"auto, (max-width: 1024px) 100vw, 1024px\" \/><\/figure>\n\n\n\n<figure class=\"wp-block-image size-large\"><img loading=\"lazy\" decoding=\"async\" width=\"1024\" height=\"485\" data-id=\"1378\" src=\"https:\/\/moulindesaintverand.fr\/wp-content\/uploads\/2022\/03\/moulin-de-saint-verand_20220214_183522-1024x485.jpeg\" alt=\"\" class=\"wp-image-1378\" srcset=\"https:\/\/moulindesaintverand.fr\/wp-content\/uploads\/2022\/03\/moulin-de-saint-verand_20220214_183522-1024x485.jpeg 1024w, https:\/\/moulindesaintverand.fr\/wp-content\/uploads\/2022\/03\/moulin-de-saint-verand_20220214_183522-300x142.jpeg 300w, https:\/\/moulindesaintverand.fr\/wp-content\/uploads\/2022\/03\/moulin-de-saint-verand_20220214_183522-768x363.jpeg 768w, https:\/\/moulindesaintverand.fr\/wp-content\/uploads\/2022\/03\/moulin-de-saint-verand_20220214_183522-1536x727.jpeg 1536w, https:\/\/moulindesaintverand.fr\/wp-content\/uploads\/2022\/03\/moulin-de-saint-verand_20220214_183522-2048x969.jpeg 2048w, https:\/\/moulindesaintverand.fr\/wp-content\/uploads\/2022\/03\/moulin-de-saint-verand_20220214_183522-18x9.jpeg 18w\" sizes=\"auto, (max-width: 1024px) 100vw, 1024px\" \/><\/figure>\n\n\n\n<figure class=\"wp-block-image size-large\"><img loading=\"lazy\" decoding=\"async\" width=\"1024\" height=\"485\" data-id=\"1377\" src=\"https:\/\/moulindesaintverand.fr\/wp-content\/uploads\/2022\/03\/moulin-de-saint-verand_20220214_185050-1024x485.jpeg\" alt=\"\" class=\"wp-image-1377\" srcset=\"https:\/\/moulindesaintverand.fr\/wp-content\/uploads\/2022\/03\/moulin-de-saint-verand_20220214_185050-1024x485.jpeg 1024w, https:\/\/moulindesaintverand.fr\/wp-content\/uploads\/2022\/03\/moulin-de-saint-verand_20220214_185050-300x142.jpeg 300w, https:\/\/moulindesaintverand.fr\/wp-content\/uploads\/2022\/03\/moulin-de-saint-verand_20220214_185050-768x363.jpeg 768w, https:\/\/moulindesaintverand.fr\/wp-content\/uploads\/2022\/03\/moulin-de-saint-verand_20220214_185050-1536x727.jpeg 1536w, https:\/\/moulindesaintverand.fr\/wp-content\/uploads\/2022\/03\/moulin-de-saint-verand_20220214_185050-2048x969.jpeg 2048w, https:\/\/moulindesaintverand.fr\/wp-content\/uploads\/2022\/03\/moulin-de-saint-verand_20220214_185050-18x9.jpeg 18w\" sizes=\"auto, (max-width: 1024px) 100vw, 1024px\" \/><\/figure>\n\n\n\n<figure class=\"wp-block-image size-large\"><img loading=\"lazy\" decoding=\"async\" width=\"1024\" height=\"576\" data-id=\"1376\" src=\"https:\/\/moulindesaintverand.fr\/wp-content\/uploads\/2022\/03\/Moulin-de-saint-verand_20220214_185510-1-1024x576.jpeg\" alt=\"\" class=\"wp-image-1376\"\/><\/figure>\n\n\n\n<figure class=\"wp-block-image size-large\"><img loading=\"lazy\" decoding=\"async\" width=\"1024\" height=\"1024\" data-id=\"1391\" src=\"https:\/\/moulindesaintverand.fr\/wp-content\/uploads\/2022\/03\/IMG-20200821-WA0000-edited-1024x1024.jpg\" alt=\"\" class=\"wp-image-1391\" srcset=\"https:\/\/moulindesaintverand.fr\/wp-content\/uploads\/2022\/03\/IMG-20200821-WA0000-edited-1024x1024.jpg 1024w, https:\/\/moulindesaintverand.fr\/wp-content\/uploads\/2022\/03\/IMG-20200821-WA0000-edited-300x300.jpg 300w, https:\/\/moulindesaintverand.fr\/wp-content\/uploads\/2022\/03\/IMG-20200821-WA0000-edited-150x150.jpg 150w, https:\/\/moulindesaintverand.fr\/wp-content\/uploads\/2022\/03\/IMG-20200821-WA0000-edited-768x769.jpg 768w, https:\/\/moulindesaintverand.fr\/wp-content\/uploads\/2022\/03\/IMG-20200821-WA0000-edited-12x12.jpg 12w, https:\/\/moulindesaintverand.fr\/wp-content\/uploads\/2022\/03\/IMG-20200821-WA0000-edited.jpg 1399w\" sizes=\"auto, (max-width: 1024px) 100vw, 1024px\" \/><\/figure>\n<\/figure>","protected":false},"excerpt":{"rendered":"<p>Certaines id\u00e9es \u00e9mergent parfois loin des bureaux et des salles de r\u00e9union standardis\u00e9es. Pour vos s\u00e9minaires, r\u00e9unions de direction, formations ou journ\u00e9es d&rsquo;\u00e9quipe, le Moulin de Saint-V\u00e9rand met \u00e0 votre disposition un espace d\u00e9di\u00e9 et enti\u00e8rement \u00e9quip\u00e9, install\u00e9 dans l&rsquo;ancienne grange \u00e0 grains du Moulin d&rsquo;origine. Un lieu charg\u00e9 d&rsquo;histoire, au c\u0153ur des vignes, qui [&#8230;]<\/p>\n<p><a class=\"btn btn-secondary understrap-read-more-link\" href=\"https:\/\/moulindesaintverand.fr\/nl\/evenement-dentreprise\/\">Verder lezen&#8230;<span class=\"screen-reader-text\"> from \u00c9v\u00e9nement d&rsquo;entreprise<\/span><\/a><\/p>\n","protected":false},"author":1,"featured_media":1348,"parent":0,"menu_order":1,"comment_status":"closed","ping_status":"closed","template":"templates-pages\/template-side.php","meta":{"_acf_changed":false,"footnotes":""},"tags":[],"class_list":["post-2651","page","type-page","status-publish","has-post-thumbnail","hentry"],"acf":[],"yoast_head":"<!-- This site is optimized with the Yoast SEO plugin v27.5 - https:\/\/yoast.com\/product\/yoast-seo-wordpress\/ -->\n<title>\u00c9v\u00e9nement d&#039;entreprise - Moulin de Saint V\u00e9rand<\/title>\n<meta name=\"description\" content=\"H\u00f4tel*** \u00e0 mi-chemin entre Paris et Marseille, \u00e0 proximit\u00e9 de M\u00e2con, Lyon et de l&#039;A6, soir\u00e9es \u00e9tapes business pour les commerciaux au coeur du Beaujolais.\" \/>\n<meta name=\"robots\" content=\"index, follow, max-snippet:-1, max-image-preview:large, max-video-preview:-1\" \/>\n<link rel=\"canonical\" href=\"https:\/\/moulindesaintverand.fr\/nl\/evenement-dentreprise\/\" \/>\n<meta property=\"og:locale\" content=\"nl_NL\" \/>\n<meta property=\"og:type\" content=\"article\" \/>\n<meta property=\"og:title\" content=\"\u00c9v\u00e9nement d&#039;entreprise - Moulin de Saint V\u00e9rand\" \/>\n<meta property=\"og:description\" content=\"H\u00f4tel*** \u00e0 mi-chemin entre Paris et Marseille, \u00e0 proximit\u00e9 de M\u00e2con, Lyon et de l&#039;A6, soir\u00e9es \u00e9tapes business pour les commerciaux au coeur du Beaujolais.\" \/>\n<meta property=\"og:url\" content=\"https:\/\/moulindesaintverand.fr\/nl\/evenement-dentreprise\/\" \/>\n<meta property=\"og:site_name\" content=\"Moulin de Saint V\u00e9rand\" \/>\n<meta property=\"article:modified_time\" content=\"2026-05-13T14:53:34+00:00\" \/>\n<meta property=\"og:image\" content=\"https:\/\/moulindesaintverand.fr\/wp-content\/uploads\/2022\/02\/MSV_se\u0301minaire2-e1646129945442.jpg\" \/>\n\t<meta property=\"og:image:width\" content=\"1628\" \/>\n\t<meta property=\"og:image:height\" content=\"1278\" \/>\n\t<meta property=\"og:image:type\" content=\"image\/jpeg\" \/>\n<meta name=\"twitter:card\" content=\"summary_large_image\" \/>\n<meta name=\"twitter:label1\" content=\"Verwachte leestijd\" \/>\n\t<meta name=\"twitter:data1\" content=\"2 minuten\" \/>\n<script type=\"application\/ld+json\" class=\"yoast-schema-graph\">{\"@context\":\"https:\\\/\\\/schema.org\",\"@graph\":[{\"@type\":\"WebPage\",\"@id\":\"https:\\\/\\\/moulindesaintverand.fr\\\/evenement-dentreprise\\\/\",\"url\":\"https:\\\/\\\/moulindesaintverand.fr\\\/evenement-dentreprise\\\/\",\"name\":\"\u00c9v\u00e9nement d'entreprise - Moulin de Saint V\u00e9rand\",\"isPartOf\":{\"@id\":\"https:\\\/\\\/moulindesaintverand.fr\\\/#website\"},\"primaryImageOfPage\":{\"@id\":\"https:\\\/\\\/moulindesaintverand.fr\\\/evenement-dentreprise\\\/#primaryimage\"},\"image\":{\"@id\":\"https:\\\/\\\/moulindesaintverand.fr\\\/evenement-dentreprise\\\/#primaryimage\"},\"thumbnailUrl\":\"https:\\\/\\\/moulindesaintverand.fr\\\/wp-content\\\/uploads\\\/2022\\\/02\\\/MSV_se\u0301minaire2-e1646129945442.jpg\",\"datePublished\":\"2026-05-13T14:18:39+00:00\",\"dateModified\":\"2026-05-13T14:53:34+00:00\",\"description\":\"H\u00f4tel*** \u00e0 mi-chemin entre Paris et Marseille, \u00e0 proximit\u00e9 de M\u00e2con, Lyon et de l'A6, soir\u00e9es \u00e9tapes business pour les commerciaux au coeur du Beaujolais.\",\"breadcrumb\":{\"@id\":\"https:\\\/\\\/moulindesaintverand.fr\\\/evenement-dentreprise\\\/#breadcrumb\"},\"inLanguage\":\"nl-NL\",\"potentialAction\":[{\"@type\":\"ReadAction\",\"target\":[\"https:\\\/\\\/moulindesaintverand.fr\\\/evenement-dentreprise\\\/\"]}]},{\"@type\":\"ImageObject\",\"inLanguage\":\"nl-NL\",\"@id\":\"https:\\\/\\\/moulindesaintverand.fr\\\/evenement-dentreprise\\\/#primaryimage\",\"url\":\"https:\\\/\\\/moulindesaintverand.fr\\\/wp-content\\\/uploads\\\/2022\\\/02\\\/MSV_se\u0301minaire2-e1646129945442.jpg\",\"contentUrl\":\"https:\\\/\\\/moulindesaintverand.fr\\\/wp-content\\\/uploads\\\/2022\\\/02\\\/MSV_se\u0301minaire2-e1646129945442.jpg\",\"width\":1628,\"height\":1278},{\"@type\":\"BreadcrumbList\",\"@id\":\"https:\\\/\\\/moulindesaintverand.fr\\\/evenement-dentreprise\\\/#breadcrumb\",\"itemListElement\":[{\"@type\":\"ListItem\",\"position\":1,\"name\":\"Accueil\",\"item\":\"https:\\\/\\\/moulindesaintverand.fr\\\/\"},{\"@type\":\"ListItem\",\"position\":2,\"name\":\"\u00c9v\u00e9nement d&rsquo;entreprise\"}]},{\"@type\":\"WebSite\",\"@id\":\"https:\\\/\\\/moulindesaintverand.fr\\\/#website\",\"url\":\"https:\\\/\\\/moulindesaintverand.fr\\\/\",\"name\":\"Moulin de Saint V\u00e9rand\",\"description\":\"H\u00f4tel*** Restaurant - Saint-V\u00e9rand\",\"publisher\":{\"@id\":\"https:\\\/\\\/moulindesaintverand.fr\\\/#organization\"},\"potentialAction\":[{\"@type\":\"SearchAction\",\"target\":{\"@type\":\"EntryPoint\",\"urlTemplate\":\"https:\\\/\\\/moulindesaintverand.fr\\\/?s={search_term_string}\"},\"query-input\":{\"@type\":\"PropertyValueSpecification\",\"valueRequired\":true,\"valueName\":\"search_term_string\"}}],\"inLanguage\":\"nl-NL\"},{\"@type\":\"Organization\",\"@id\":\"https:\\\/\\\/moulindesaintverand.fr\\\/#organization\",\"name\":\"H\u00f4tel*** Restaurant Moulin de Saint-V\u00e9rand - Soir\u00e9e \u00e9tape commerciaux\",\"url\":\"https:\\\/\\\/moulindesaintverand.fr\\\/\",\"logo\":{\"@type\":\"ImageObject\",\"inLanguage\":\"nl-NL\",\"@id\":\"https:\\\/\\\/moulindesaintverand.fr\\\/#\\\/schema\\\/logo\\\/image\\\/\",\"url\":\"https:\\\/\\\/moulindesaintverand.fr\\\/wp-content\\\/uploads\\\/2020\\\/05\\\/cropped-logo-MSV@2x.png\",\"contentUrl\":\"https:\\\/\\\/moulindesaintverand.fr\\\/wp-content\\\/uploads\\\/2020\\\/05\\\/cropped-logo-MSV@2x.png\",\"width\":714,\"height\":632,\"caption\":\"H\u00f4tel*** Restaurant Moulin de Saint-V\u00e9rand - Soir\u00e9e \u00e9tape commerciaux\"},\"image\":{\"@id\":\"https:\\\/\\\/moulindesaintverand.fr\\\/#\\\/schema\\\/logo\\\/image\\\/\"}}]}<\/script>\n<!-- \/ Yoast SEO plugin. -->","yoast_head_json":{"title":"\u00c9v\u00e9nement d'entreprise - Moulin de Saint V\u00e9rand","description":"H\u00f4tel*** \u00e0 mi-chemin entre Paris et Marseille, \u00e0 proximit\u00e9 de M\u00e2con, Lyon et de l'A6, soir\u00e9es \u00e9tapes business pour les commerciaux au coeur du Beaujolais.","robots":{"index":"index","follow":"follow","max-snippet":"max-snippet:-1","max-image-preview":"max-image-preview:large","max-video-preview":"max-video-preview:-1"},"canonical":"https:\/\/moulindesaintverand.fr\/nl\/evenement-dentreprise\/","og_locale":"nl_NL","og_type":"article","og_title":"\u00c9v\u00e9nement d'entreprise - Moulin de Saint V\u00e9rand","og_description":"H\u00f4tel*** \u00e0 mi-chemin entre Paris et Marseille, \u00e0 proximit\u00e9 de M\u00e2con, Lyon et de l'A6, soir\u00e9es \u00e9tapes business pour les commerciaux au coeur du Beaujolais.","og_url":"https:\/\/moulindesaintverand.fr\/nl\/evenement-dentreprise\/","og_site_name":"Moulin de Saint V\u00e9rand","article_modified_time":"2026-05-13T14:53:34+00:00","og_image":[{"width":1628,"height":1278,"url":"https:\/\/moulindesaintverand.fr\/wp-content\/uploads\/2022\/02\/MSV_se\u0301minaire2-e1646129945442.jpg","type":"image\/jpeg"}],"twitter_card":"summary_large_image","twitter_misc":{"Verwachte leestijd":"2 minuten"},"schema":{"@context":"https:\/\/schema.org","@graph":[{"@type":"WebPage","@id":"https:\/\/moulindesaintverand.fr\/evenement-dentreprise\/","url":"https:\/\/moulindesaintverand.fr\/evenement-dentreprise\/","name":"\u00c9v\u00e9nement d'entreprise - Moulin de Saint V\u00e9rand","isPartOf":{"@id":"https:\/\/moulindesaintverand.fr\/#website"},"primaryImageOfPage":{"@id":"https:\/\/moulindesaintverand.fr\/evenement-dentreprise\/#primaryimage"},"image":{"@id":"https:\/\/moulindesaintverand.fr\/evenement-dentreprise\/#primaryimage"},"thumbnailUrl":"https:\/\/moulindesaintverand.fr\/wp-content\/uploads\/2022\/02\/MSV_se\u0301minaire2-e1646129945442.jpg","datePublished":"2026-05-13T14:18:39+00:00","dateModified":"2026-05-13T14:53:34+00:00","description":"H\u00f4tel*** \u00e0 mi-chemin entre Paris et Marseille, \u00e0 proximit\u00e9 de M\u00e2con, Lyon et de l'A6, soir\u00e9es \u00e9tapes business pour les commerciaux au coeur du Beaujolais.","breadcrumb":{"@id":"https:\/\/moulindesaintverand.fr\/evenement-dentreprise\/#breadcrumb"},"inLanguage":"nl-NL","potentialAction":[{"@type":"ReadAction","target":["https:\/\/moulindesaintverand.fr\/evenement-dentreprise\/"]}]},{"@type":"ImageObject","inLanguage":"nl-NL","@id":"https:\/\/moulindesaintverand.fr\/evenement-dentreprise\/#primaryimage","url":"https:\/\/moulindesaintverand.fr\/wp-content\/uploads\/2022\/02\/MSV_se\u0301minaire2-e1646129945442.jpg","contentUrl":"https:\/\/moulindesaintverand.fr\/wp-content\/uploads\/2022\/02\/MSV_se\u0301minaire2-e1646129945442.jpg","width":1628,"height":1278},{"@type":"BreadcrumbList","@id":"https:\/\/moulindesaintverand.fr\/evenement-dentreprise\/#breadcrumb","itemListElement":[{"@type":"ListItem","position":1,"name":"Accueil","item":"https:\/\/moulindesaintverand.fr\/"},{"@type":"ListItem","position":2,"name":"\u00c9v\u00e9nement d&rsquo;entreprise"}]},{"@type":"WebSite","@id":"https:\/\/moulindesaintverand.fr\/#website","url":"https:\/\/moulindesaintverand.fr\/","name":"Moulin de Saint V\u00e9rand","description":"H\u00f4tel*** Restaurant - Saint-V\u00e9rand","publisher":{"@id":"https:\/\/moulindesaintverand.fr\/#organization"},"potentialAction":[{"@type":"SearchAction","target":{"@type":"EntryPoint","urlTemplate":"https:\/\/moulindesaintverand.fr\/?s={search_term_string}"},"query-input":{"@type":"PropertyValueSpecification","valueRequired":true,"valueName":"search_term_string"}}],"inLanguage":"nl-NL"},{"@type":"Organization","@id":"https:\/\/moulindesaintverand.fr\/#organization","name":"H\u00f4tel*** Restaurant Moulin de Saint-V\u00e9rand - Soir\u00e9e \u00e9tape commerciaux","url":"https:\/\/moulindesaintverand.fr\/","logo":{"@type":"ImageObject","inLanguage":"nl-NL","@id":"https:\/\/moulindesaintverand.fr\/#\/schema\/logo\/image\/","url":"https:\/\/moulindesaintverand.fr\/wp-content\/uploads\/2020\/05\/cropped-logo-MSV@2x.png","contentUrl":"https:\/\/moulindesaintverand.fr\/wp-content\/uploads\/2020\/05\/cropped-logo-MSV@2x.png","width":714,"height":632,"caption":"H\u00f4tel*** Restaurant Moulin de Saint-V\u00e9rand - Soir\u00e9e \u00e9tape commerciaux"},"image":{"@id":"https:\/\/moulindesaintverand.fr\/#\/schema\/logo\/image\/"}}]}},"_links":{"self":[{"href":"https:\/\/moulindesaintverand.fr\/nl\/wp-json\/wp\/v2\/pages\/2651","targetHints":{"allow":["GET"]}}],"collection":[{"href":"https:\/\/moulindesaintverand.fr\/nl\/wp-json\/wp\/v2\/pages"}],"about":[{"href":"https:\/\/moulindesaintverand.fr\/nl\/wp-json\/wp\/v2\/types\/page"}],"author":[{"embeddable":true,"href":"https:\/\/moulindesaintverand.fr\/nl\/wp-json\/wp\/v2\/users\/1"}],"replies":[{"embeddable":true,"href":"https:\/\/moulindesaintverand.fr\/nl\/wp-json\/wp\/v2\/comments?post=2651"}],"version-history":[{"count":2,"href":"https:\/\/moulindesaintverand.fr\/nl\/wp-json\/wp\/v2\/pages\/2651\/revisions"}],"predecessor-version":[{"id":2657,"href":"https:\/\/moulindesaintverand.fr\/nl\/wp-json\/wp\/v2\/pages\/2651\/revisions\/2657"}],"wp:featuredmedia":[{"embeddable":true,"href":"https:\/\/moulindesaintverand.fr\/nl\/wp-json\/wp\/v2\/media\/1348"}],"wp:attachment":[{"href":"https:\/\/moulindesaintverand.fr\/nl\/wp-json\/wp\/v2\/media?parent=2651"}],"wp:term":[{"taxonomy":"post_tag","embeddable":true,"href":"https:\/\/moulindesaintverand.fr\/nl\/wp-json\/wp\/v2\/tags?post=2651"}],"curies":[{"name":"wp","href":"https:\/\/api.w.org\/{rel}","templated":true}]}}